{"id":162,"date":"2025-02-20T21:20:49","date_gmt":"2025-02-20T20:20:49","guid":{"rendered":"https:\/\/espacesud.fr\/sudsante\/?page_id=162"},"modified":"2025-03-10T15:53:32","modified_gmt":"2025-03-10T14:53:32","slug":"participez-a-un-focus-groupe","status":"publish","type":"page","link":"https:\/\/espacesud.fr\/sudsante\/participez-a-un-focus-groupe\/","title":{"rendered":"Participez \u00e0 un focus groupe"},"content":{"rendered":"\t\t<div data-elementor-type=\"wp-page\" data-elementor-id=\"162\" class=\"elementor elementor-162\" data-elementor-post-type=\"page\">\n\t\t\t\t<div class=\"elementor-element elementor-element-7fce996 e-con-full e-flex e-con e-parent\" data-id=\"7fce996\" data-element_type=\"container\" data-e-type=\"container\">\n\t\t\t\t<div class=\"elementor-element elementor-element-e6c3df5 elementor-widget elementor-widget-image\" data-id=\"e6c3df5\" data-element_type=\"widget\" data-e-type=\"widget\" data-widget_type=\"image.default\">\n\t\t\t\t<div class=\"elementor-widget-container\">\n\t\t\t\t\t\t\t\t\t\t\t\t\t\t\t<img fetchpriority=\"high\" decoding=\"async\" width=\"1024\" height=\"393\" src=\"https:\/\/espacesud.fr\/sudsante\/wp-content\/uploads\/sites\/13\/2025\/02\/appel-1024x393.jpg\" class=\"attachment-large size-large wp-image-169\" alt=\"\" srcset=\"https:\/\/espacesud.fr\/sudsante\/wp-content\/uploads\/sites\/13\/2025\/02\/appel-1024x393.jpg 1024w, https:\/\/espacesud.fr\/sudsante\/wp-content\/uploads\/sites\/13\/2025\/02\/appel-300x115.jpg 300w, https:\/\/espacesud.fr\/sudsante\/wp-content\/uploads\/sites\/13\/2025\/02\/appel-768x295.jpg 768w, https:\/\/espacesud.fr\/sudsante\/wp-content\/uploads\/sites\/13\/2025\/02\/appel-1536x590.jpg 1536w, https:\/\/espacesud.fr\/sudsante\/wp-content\/uploads\/sites\/13\/2025\/02\/appel-585x225.jpg 585w, https:\/\/espacesud.fr\/sudsante\/wp-content\/uploads\/sites\/13\/2025\/02\/appel.jpg 2000w\" sizes=\"(max-width: 1024px) 100vw, 1024px\" \/>\t\t\t\t\t\t\t\t\t\t\t\t\t\t\t<\/div>\n\t\t\t\t<\/div>\n\t\t\t\t<div class=\"elementor-element elementor-element-120d2b8 elementor-widget elementor-widget-text-editor\" data-id=\"120d2b8\" data-element_type=\"widget\" data-e-type=\"widget\" data-widget_type=\"text-editor.default\">\n\t\t\t\t<div class=\"elementor-widget-container\">\n\t\t\t\t\t\t\t\t\t<h2><b><span data-ogsc=\"rgb(43, 43, 43)\">Participez \u00e0 l\u2019am\u00e9lioration des politiques de sant\u00e9 sur l\u2019Espace Sud !<\/span><\/b><\/h2>\n<p>Dans le cadre du diagnostic local de sant\u00e9 engag\u00e9 par l\u2019ARS et l\u2019Espace Sud, nous vous invitons \u00e0 rejoindre des ateliers participatifs, pour \u00e9changer et partager vos exp\u00e9riences, vos besoins et vos attentes en mati\u00e8re de sant\u00e9. Ces moments d\u2019\u00e9change sont essentiels pour mieux comprendre les r\u00e9alit\u00e9s de notre territoire et agir ensemble pour am\u00e9liorer la bonne sant\u00e9 de tous.<\/p>\n<p>Que vous soyez jeune, adulte ou senior, votre voix compte ! Ces ateliers sont l\u2019occasion de vous exprimer librement et de contribuer \u00e0 identifier les priorit\u00e9s en sant\u00e9 pour les ann\u00e9es \u00e0 venir.<\/p>\n<h3>Comment participer ?<\/h3>\n<p><strong>C\u2019est simple : il suffit de remplir le formulaire en ligne (voir plus bas) en choisissant la date qui vous convient parmi celles propos\u00e9es.<\/strong><\/p>\n<p>Tous les ateliers ont lieu au Si\u00e8ge de l\u2019Espace Sud \u00e0 Rivi\u00e8re-Sal\u00e9e (Quartier Maupeou, pr\u00e8s du cin\u00e9ma TDS)<\/p>\n<p>Ne manquez pas cette opportunit\u00e9 de faire entendre votre voix et de participer activement \u00e0 l\u2019am\u00e9lioration de la sant\u00e9 dans le sud. Inscrivez-vous d\u00e8s maintenant et rejoignez-nous pour construire ensemble une bonne sant\u00e9 pour tous.<\/p>\n<p><strong>Votre participation fait la diff\u00e9rence !<\/strong><\/p>\t\t\t\t\t\t\t\t<\/div>\n\t\t\t\t<\/div>\n\t\t\t\t<div class=\"elementor-element elementor-element-00d1f63 elementor-invisible elementor-widget elementor-widget-text-editor\" data-id=\"00d1f63\" data-element_type=\"widget\" data-e-type=\"widget\" data-settings=\"{&quot;_animation&quot;:&quot;fadeIn&quot;}\" data-widget_type=\"text-editor.default\">\n\t\t\t\t<div class=\"elementor-widget-container\">\n\t\t\t\t\t\t\t\t\tTous les ateliers ont lieu au Si\u00e8ge de l\u2019Espace Sud \u00e0 Rivi\u00e8re-Sal\u00e9e (Quartier Maupeou, pr\u00e8s du cin\u00e9ma TDS) &#8211; Cliquez ici pour voir l&#8217;emplacement sur la carte.\t\t\t\t\t\t\t\t<\/div>\n\t\t\t\t<\/div>\n\t\t\t\t<div class=\"elementor-element elementor-element-16680c6 elementor-widget elementor-widget-spacer\" data-id=\"16680c6\" data-element_type=\"widget\" data-e-type=\"widget\" data-widget_type=\"spacer.default\">\n\t\t\t\t<div class=\"elementor-widget-container\">\n\t\t\t\t\t\t\t<div class=\"elementor-spacer\">\n\t\t\t<div class=\"elementor-spacer-inner\"><\/div>\n\t\t<\/div>\n\t\t\t\t\t\t<\/div>\n\t\t\t\t<\/div>\n\t\t\t\t<\/div>\n\t\t<div class=\"elementor-element elementor-element-24df33b e-flex e-con-boxed e-con e-parent\" data-id=\"24df33b\" data-element_type=\"container\" data-e-type=\"container\">\n\t\t\t\t\t<div class=\"e-con-inner\">\n\t\t\t\t<div class=\"elementor-element elementor-element-e0989ce elementor-widget elementor-widget-heading\" data-id=\"e0989ce\" data-element_type=\"widget\" data-e-type=\"widget\" data-widget_type=\"heading.default\">\n\t\t\t\t<div class=\"elementor-widget-container\">\n\t\t\t\t\t<h2 class=\"elementor-heading-title elementor-size-default\">Formulaire d'inscription aux ateliers<\/h2>\t\t\t\t<\/div>\n\t\t\t\t<\/div>\n\t\t\t\t<div class=\"elementor-element elementor-element-296a0a1 elementor-widget elementor-widget-shortcode\" data-id=\"296a0a1\" data-element_type=\"widget\" data-e-type=\"widget\" data-widget_type=\"shortcode.default\">\n\t\t\t\t<div class=\"elementor-widget-container\">\n\t\t\t\t\t\t\t<div class=\"elementor-shortcode\"><\/div>\n\t\t\t\t\t\t<\/div>\n\t\t\t\t<\/div>\n\t\t\t\t<div class=\"elementor-element elementor-element-9817983 elementor--h-position-center elementor--v-position-middle elementor-arrows-position-inside elementor-pagination-position-inside elementor-widget elementor-widget-slides\" data-id=\"9817983\" data-element_type=\"widget\" data-e-type=\"widget\" data-settings=\"{&quot;navigation&quot;:&quot;both&quot;,&quot;autoplay&quot;:&quot;yes&quot;,&quot;pause_on_hover&quot;:&quot;yes&quot;,&quot;pause_on_interaction&quot;:&quot;yes&quot;,&quot;autoplay_speed&quot;:5000,&quot;infinite&quot;:&quot;yes&quot;,&quot;transition&quot;:&quot;slide&quot;,&quot;transition_speed&quot;:500}\" data-widget_type=\"slides.default\">\n\t\t\t\t<div class=\"elementor-widget-container\">\n\t\t\t\t\t\t\t\t\t<div class=\"elementor-swiper\">\n\t\t\t\t\t<div class=\"elementor-slides-wrapper elementor-main-swiper swiper\" role=\"region\" aria-roledescription=\"carousel\" aria-label=\"Diapositives\" dir=\"ltr\" data-animation=\"fadeInUp\">\n\t\t\t\t<div class=\"swiper-wrapper elementor-slides\">\n\t\t\t\t\t\t\t\t\t\t<div class=\"elementor-repeater-item-5f31cea swiper-slide\" role=\"group\" aria-roledescription=\"slide\"><div class=\"swiper-slide-bg\" role=\"img\" aria-label=\"siege\"><\/div><div class=\"elementor-background-overlay\"><\/div><a class=\"swiper-slide-inner\" href=\"https:\/\/maps.app.goo.gl\/PeHGwXp7d3smePEQ7\"><div class=\"swiper-slide-contents\"><div class=\"elementor-slide-heading\">Les ateliers ont lieu au Si\u00e8ge de l'Espace Sud \u00e0 Rivi\u00e8re-Sal\u00e9e<\/div><div class=\"elementor-slide-description\">Quartier Maup\u00e9ou. <\/div><div  class=\"elementor-button elementor-slide-button elementor-size-sm\">Voir sur la carte<\/div><\/div><\/a><\/div>\t\t\t\t<\/div>\n\t\t\t\t\t\t\t<\/div>\n\t\t\t\t<\/div>\n\t\t\t\t\t\t\t\t<\/div>\n\t\t\t\t<\/div>\n\t\t\t\t<div class=\"elementor-element elementor-element-8a2a716 elementor-widget elementor-widget-spacer\" data-id=\"8a2a716\" data-element_type=\"widget\" data-e-type=\"widget\" data-widget_type=\"spacer.default\">\n\t\t\t\t<div class=\"elementor-widget-container\">\n\t\t\t\t\t\t\t<div class=\"elementor-spacer\">\n\t\t\t<div class=\"elementor-spacer-inner\"><\/div>\n\t\t<\/div>\n\t\t\t\t\t\t<\/div>\n\t\t\t\t<\/div>\n\t\t\t\t\t<\/div>\n\t\t\t\t<\/div>\n\t\t\t\t<\/div>\n\t\t","protected":false},"excerpt":{"rendered":"<p>Participez \u00e0 l\u2019am\u00e9lioration des politiques de sant\u00e9 sur l\u2019Espace Sud ! Dans le cadre du diagnostic local de sant\u00e9 engag\u00e9 par l\u2019ARS et l\u2019Espace Sud, nous vous invitons \u00e0 rejoindre des ateliers participatifs, pour \u00e9changer et partager vos exp\u00e9riences, vos besoins et vos attentes en&#8230;<\/p>\n","protected":false},"author":3,"featured_media":0,"parent":0,"menu_order":0,"comment_status":"closed","ping_status":"closed","template":"","meta":{"footnotes":""},"class_list":["post-162","page","type-page","status-publish","hentry"],"yoast_head":"<!-- This site is optimized with the Yoast SEO plugin v27.3 - https:\/\/yoast.com\/product\/yoast-seo-wordpress\/ -->\n<title>Participez \u00e0 un focus groupe - Sud Sant\u00e9 - Contrat Local de Sant\u00e9 Intercommunal de l&#039;Espace Sud<\/title>\n<meta name=\"robots\" content=\"index, follow, max-snippet:-1, max-image-preview:large, max-video-preview:-1\" \/>\n<link rel=\"canonical\" href=\"https:\/\/espacesud.fr\/sudsante\/participez-a-un-focus-groupe\/\" \/>\n<meta property=\"og:locale\" content=\"fr_FR\" \/>\n<meta property=\"og:type\" content=\"article\" \/>\n<meta property=\"og:title\" content=\"Participez \u00e0 un focus groupe - Sud Sant\u00e9 - Contrat Local de Sant\u00e9 Intercommunal de l&#039;Espace Sud\" \/>\n<meta property=\"og:description\" content=\"Participez \u00e0 l\u2019am\u00e9lioration des politiques de sant\u00e9 sur l\u2019Espace Sud ! Dans le cadre du diagnostic local de sant\u00e9 engag\u00e9 par l\u2019ARS et l\u2019Espace Sud, nous vous invitons \u00e0 rejoindre des ateliers participatifs, pour \u00e9changer et partager vos exp\u00e9riences, vos besoins et vos attentes en...\" \/>\n<meta property=\"og:url\" content=\"https:\/\/espacesud.fr\/sudsante\/participez-a-un-focus-groupe\/\" \/>\n<meta property=\"og:site_name\" content=\"Sud Sant\u00e9 - Contrat Local de Sant\u00e9 Intercommunal de l&#039;Espace Sud\" \/>\n<meta property=\"article:modified_time\" content=\"2025-03-10T14:53:32+00:00\" \/>\n<meta property=\"og:image\" content=\"http:\/\/espacesud.fr\/sudsante\/wp-content\/uploads\/sites\/13\/2025\/02\/appel-1024x393.jpg\" \/>\n<meta name=\"twitter:card\" content=\"summary_large_image\" \/>\n<meta name=\"twitter:label1\" content=\"Dur\u00e9e de lecture estim\u00e9e\" \/>\n\t<meta name=\"twitter:data1\" content=\"2 minutes\" \/>\n<script type=\"application\/ld+json\" class=\"yoast-schema-graph\">{\"@context\":\"https:\\\/\\\/schema.org\",\"@graph\":[{\"@type\":\"WebPage\",\"@id\":\"https:\\\/\\\/espacesud.fr\\\/sudsante\\\/participez-a-un-focus-groupe\\\/\",\"url\":\"https:\\\/\\\/espacesud.fr\\\/sudsante\\\/participez-a-un-focus-groupe\\\/\",\"name\":\"Participez \u00e0 un focus groupe - Sud Sant\u00e9 - Contrat Local de Sant\u00e9 Intercommunal de l&#039;Espace Sud\",\"isPartOf\":{\"@id\":\"https:\\\/\\\/espacesud.fr\\\/sudsante\\\/#website\"},\"primaryImageOfPage\":{\"@id\":\"https:\\\/\\\/espacesud.fr\\\/sudsante\\\/participez-a-un-focus-groupe\\\/#primaryimage\"},\"image\":{\"@id\":\"https:\\\/\\\/espacesud.fr\\\/sudsante\\\/participez-a-un-focus-groupe\\\/#primaryimage\"},\"thumbnailUrl\":\"http:\\\/\\\/espacesud.fr\\\/sudsante\\\/wp-content\\\/uploads\\\/sites\\\/13\\\/2025\\\/02\\\/appel-1024x393.jpg\",\"datePublished\":\"2025-02-20T20:20:49+00:00\",\"dateModified\":\"2025-03-10T14:53:32+00:00\",\"breadcrumb\":{\"@id\":\"https:\\\/\\\/espacesud.fr\\\/sudsante\\\/participez-a-un-focus-groupe\\\/#breadcrumb\"},\"inLanguage\":\"fr-FR\",\"potentialAction\":[{\"@type\":\"ReadAction\",\"target\":[\"https:\\\/\\\/espacesud.fr\\\/sudsante\\\/participez-a-un-focus-groupe\\\/\"]}]},{\"@type\":\"ImageObject\",\"inLanguage\":\"fr-FR\",\"@id\":\"https:\\\/\\\/espacesud.fr\\\/sudsante\\\/participez-a-un-focus-groupe\\\/#primaryimage\",\"url\":\"https:\\\/\\\/espacesud.fr\\\/sudsante\\\/wp-content\\\/uploads\\\/sites\\\/13\\\/2025\\\/02\\\/appel.jpg\",\"contentUrl\":\"https:\\\/\\\/espacesud.fr\\\/sudsante\\\/wp-content\\\/uploads\\\/sites\\\/13\\\/2025\\\/02\\\/appel.jpg\",\"width\":2000,\"height\":768},{\"@type\":\"BreadcrumbList\",\"@id\":\"https:\\\/\\\/espacesud.fr\\\/sudsante\\\/participez-a-un-focus-groupe\\\/#breadcrumb\",\"itemListElement\":[{\"@type\":\"ListItem\",\"position\":1,\"name\":\"Accueil\",\"item\":\"https:\\\/\\\/espacesud.fr\\\/sudsante\\\/\"},{\"@type\":\"ListItem\",\"position\":2,\"name\":\"Participez \u00e0 un focus groupe\"}]},{\"@type\":\"WebSite\",\"@id\":\"https:\\\/\\\/espacesud.fr\\\/sudsante\\\/#website\",\"url\":\"https:\\\/\\\/espacesud.fr\\\/sudsante\\\/\",\"name\":\"Sud Sant\u00e9 - Contrat Local de Sant\u00e9 Intercommunal de l&#039;Espace Sud\",\"description\":\"\",\"potentialAction\":[{\"@type\":\"SearchAction\",\"target\":{\"@type\":\"EntryPoint\",\"urlTemplate\":\"https:\\\/\\\/espacesud.fr\\\/sudsante\\\/?s={search_term_string}\"},\"query-input\":{\"@type\":\"PropertyValueSpecification\",\"valueRequired\":true,\"valueName\":\"search_term_string\"}}],\"inLanguage\":\"fr-FR\"}]}<\/script>\n<!-- \/ Yoast SEO plugin. -->","yoast_head_json":{"title":"Participez \u00e0 un focus groupe - Sud Sant\u00e9 - Contrat Local de Sant\u00e9 Intercommunal de l&#039;Espace Sud","robots":{"index":"index","follow":"follow","max-snippet":"max-snippet:-1","max-image-preview":"max-image-preview:large","max-video-preview":"max-video-preview:-1"},"canonical":"https:\/\/espacesud.fr\/sudsante\/participez-a-un-focus-groupe\/","og_locale":"fr_FR","og_type":"article","og_title":"Participez \u00e0 un focus groupe - Sud Sant\u00e9 - Contrat Local de Sant\u00e9 Intercommunal de l&#039;Espace Sud","og_description":"Participez \u00e0 l\u2019am\u00e9lioration des politiques de sant\u00e9 sur l\u2019Espace Sud ! Dans le cadre du diagnostic local de sant\u00e9 engag\u00e9 par l\u2019ARS et l\u2019Espace Sud, nous vous invitons \u00e0 rejoindre des ateliers participatifs, pour \u00e9changer et partager vos exp\u00e9riences, vos besoins et vos attentes en...","og_url":"https:\/\/espacesud.fr\/sudsante\/participez-a-un-focus-groupe\/","og_site_name":"Sud Sant\u00e9 - Contrat Local de Sant\u00e9 Intercommunal de l&#039;Espace Sud","article_modified_time":"2025-03-10T14:53:32+00:00","og_image":[{"url":"http:\/\/espacesud.fr\/sudsante\/wp-content\/uploads\/sites\/13\/2025\/02\/appel-1024x393.jpg","type":"","width":"","height":""}],"twitter_card":"summary_large_image","twitter_misc":{"Dur\u00e9e de lecture estim\u00e9e":"2 minutes"},"schema":{"@context":"https:\/\/schema.org","@graph":[{"@type":"WebPage","@id":"https:\/\/espacesud.fr\/sudsante\/participez-a-un-focus-groupe\/","url":"https:\/\/espacesud.fr\/sudsante\/participez-a-un-focus-groupe\/","name":"Participez \u00e0 un focus groupe - Sud Sant\u00e9 - Contrat Local de Sant\u00e9 Intercommunal de l&#039;Espace Sud","isPartOf":{"@id":"https:\/\/espacesud.fr\/sudsante\/#website"},"primaryImageOfPage":{"@id":"https:\/\/espacesud.fr\/sudsante\/participez-a-un-focus-groupe\/#primaryimage"},"image":{"@id":"https:\/\/espacesud.fr\/sudsante\/participez-a-un-focus-groupe\/#primaryimage"},"thumbnailUrl":"http:\/\/espacesud.fr\/sudsante\/wp-content\/uploads\/sites\/13\/2025\/02\/appel-1024x393.jpg","datePublished":"2025-02-20T20:20:49+00:00","dateModified":"2025-03-10T14:53:32+00:00","breadcrumb":{"@id":"https:\/\/espacesud.fr\/sudsante\/participez-a-un-focus-groupe\/#breadcrumb"},"inLanguage":"fr-FR","potentialAction":[{"@type":"ReadAction","target":["https:\/\/espacesud.fr\/sudsante\/participez-a-un-focus-groupe\/"]}]},{"@type":"ImageObject","inLanguage":"fr-FR","@id":"https:\/\/espacesud.fr\/sudsante\/participez-a-un-focus-groupe\/#primaryimage","url":"https:\/\/espacesud.fr\/sudsante\/wp-content\/uploads\/sites\/13\/2025\/02\/appel.jpg","contentUrl":"https:\/\/espacesud.fr\/sudsante\/wp-content\/uploads\/sites\/13\/2025\/02\/appel.jpg","width":2000,"height":768},{"@type":"BreadcrumbList","@id":"https:\/\/espacesud.fr\/sudsante\/participez-a-un-focus-groupe\/#breadcrumb","itemListElement":[{"@type":"ListItem","position":1,"name":"Accueil","item":"https:\/\/espacesud.fr\/sudsante\/"},{"@type":"ListItem","position":2,"name":"Participez \u00e0 un focus groupe"}]},{"@type":"WebSite","@id":"https:\/\/espacesud.fr\/sudsante\/#website","url":"https:\/\/espacesud.fr\/sudsante\/","name":"Sud Sant\u00e9 - Contrat Local de Sant\u00e9 Intercommunal de l&#039;Espace Sud","description":"","potentialAction":[{"@type":"SearchAction","target":{"@type":"EntryPoint","urlTemplate":"https:\/\/espacesud.fr\/sudsante\/?s={search_term_string}"},"query-input":{"@type":"PropertyValueSpecification","valueRequired":true,"valueName":"search_term_string"}}],"inLanguage":"fr-FR"}]}},"_links":{"self":[{"href":"https:\/\/espacesud.fr\/sudsante\/wp-json\/wp\/v2\/pages\/162","targetHints":{"allow":["GET"]}}],"collection":[{"href":"https:\/\/espacesud.fr\/sudsante\/wp-json\/wp\/v2\/pages"}],"about":[{"href":"https:\/\/espacesud.fr\/sudsante\/wp-json\/wp\/v2\/types\/page"}],"author":[{"embeddable":true,"href":"https:\/\/espacesud.fr\/sudsante\/wp-json\/wp\/v2\/users\/3"}],"replies":[{"embeddable":true,"href":"https:\/\/espacesud.fr\/sudsante\/wp-json\/wp\/v2\/comments?post=162"}],"version-history":[{"count":0,"href":"https:\/\/espacesud.fr\/sudsante\/wp-json\/wp\/v2\/pages\/162\/revisions"}],"wp:attachment":[{"href":"https:\/\/espacesud.fr\/sudsante\/wp-json\/wp\/v2\/media?parent=162"}],"curies":[{"name":"wp","href":"https:\/\/api.w.org\/{rel}","templated":true}]}}