{"id":487,"date":"2025-10-14T23:02:50","date_gmt":"2025-10-14T21:02:50","guid":{"rendered":"https:\/\/espacesud.fr\/pat\/?page_id=487"},"modified":"2025-11-19T19:20:04","modified_gmt":"2025-11-19T18:20:04","slug":"bel-pasaj-epi-misie-gerard-sainte-rose","status":"publish","type":"page","link":"https:\/\/espacesud.fr\/pat\/bel-pasaj-epi-misie-gerard-sainte-rose\/","title":{"rendered":"Bel pasaj \u00e9pi Misi\u00e9 G\u00e9rard Sainte-Rose"},"content":{"rendered":"\n<p>On dit de lui qu&#8217;il est une biblioth\u00e8que agricole vivante. Il nous partage un peu de son savoir ainsi que sa vision de l&#8217;alimentation en Martinique, \u00e0 travers cette interview r\u00e9alis\u00e9e \u00e0 l&#8217;occasion de l&#8217;\u00e9v\u00e9nement de labellisation du Projet alimentaire territorial (PAT) de Ducos, le 25 avril 2025.<strong> A l\u2019heure o\u00f9 on importe 87% de notre nourriture en Martinique, il nous livre son avis sur ce que nous pourrions faire redonner pleinement leur place aux produits locaux.<\/strong><\/p>\n\n\n\n<p><\/p>\n\n\n\n<figure class=\"wp-block-gallery has-nested-images columns-default is-cropped wp-block-gallery-1 is-layout-flex wp-block-gallery-is-layout-flex\">\n<figure class=\"wp-block-image size-large\"><img fetchpriority=\"high\" decoding=\"async\" width=\"1024\" height=\"577\" data-id=\"491\" src=\"https:\/\/espacesud.fr\/pat\/wp-content\/uploads\/sites\/12\/2025\/09\/photo-1-avec-public-1-1024x577.jpeg\" alt=\"\" class=\"wp-image-491\" srcset=\"https:\/\/espacesud.fr\/pat\/wp-content\/uploads\/sites\/12\/2025\/09\/photo-1-avec-public-1-1024x577.jpeg 1024w, https:\/\/espacesud.fr\/pat\/wp-content\/uploads\/sites\/12\/2025\/09\/photo-1-avec-public-1-300x169.jpeg 300w, https:\/\/espacesud.fr\/pat\/wp-content\/uploads\/sites\/12\/2025\/09\/photo-1-avec-public-1-768x432.jpeg 768w, https:\/\/espacesud.fr\/pat\/wp-content\/uploads\/sites\/12\/2025\/09\/photo-1-avec-public-1-1536x865.jpeg 1536w, https:\/\/espacesud.fr\/pat\/wp-content\/uploads\/sites\/12\/2025\/09\/photo-1-avec-public-1-1200x675.jpeg 1200w, https:\/\/espacesud.fr\/pat\/wp-content\/uploads\/sites\/12\/2025\/09\/photo-1-avec-public-1-585x329.jpeg 585w, https:\/\/espacesud.fr\/pat\/wp-content\/uploads\/sites\/12\/2025\/09\/photo-1-avec-public-1.jpeg 1600w\" sizes=\"(max-width: 1024px) 100vw, 1024px\" \/><figcaption class=\"wp-element-caption\">Cr\u00e9dit Photo &#8211; Espace Sud<\/figcaption><\/figure>\n\n\n\n<figure class=\"wp-block-image size-large\"><img decoding=\"async\" width=\"892\" height=\"975\" data-id=\"499\" src=\"https:\/\/espacesud.fr\/pat\/wp-content\/uploads\/sites\/12\/2025\/09\/portrait-Gerard-Sainte-Rose.jpg\" alt=\"\" class=\"wp-image-499\" srcset=\"https:\/\/espacesud.fr\/pat\/wp-content\/uploads\/sites\/12\/2025\/09\/portrait-Gerard-Sainte-Rose.jpg 892w, https:\/\/espacesud.fr\/pat\/wp-content\/uploads\/sites\/12\/2025\/09\/portrait-Gerard-Sainte-Rose-274x300.jpg 274w, https:\/\/espacesud.fr\/pat\/wp-content\/uploads\/sites\/12\/2025\/09\/portrait-Gerard-Sainte-Rose-768x839.jpg 768w, https:\/\/espacesud.fr\/pat\/wp-content\/uploads\/sites\/12\/2025\/09\/portrait-Gerard-Sainte-Rose-585x639.jpg 585w\" sizes=\"(max-width: 892px) 100vw, 892px\" \/><figcaption class=\"wp-element-caption\">Cr\u00e9dit photo &#8211; France Antilles<\/figcaption><\/figure>\n<\/figure>\n\n\n\n<p><\/p>\n\n\n\n<p>Je me pr\u00e9sente&nbsp;: G\u00e9rard Sainte-Rose, je suis le pr\u00e9sident de l\u2019ANFAM, Association Nouvelles Forces alimentaires martiniquaises et notre objectif c\u2019est de valoriser et revaloriser tous les produits de notre terroir sans exception.<\/p>\n\n\n\n<p>J\u2019ai quelques connaissances et j\u2019essaye d\u2019en faire profiter tous ceux qui m\u2019entourent&nbsp;; je continue \u00e0 chercher \u00e9galement puisqu\u2019on ne finit pas d\u2019apprendre et, \u00e0 partir de l\u00e0, voir comment on peut tirer profit de toutes ces connaissances \u00e0 partir des produits existants chez nous.<\/p>\n\n\n\n<p>J\u2019aimerais bien faire un petit retour en arri\u00e8re car depuis 1979 j\u2019ai lanc\u00e9 l\u2019agriculture biologique en Martinique, qui \u00e9tait tr\u00e8s tr\u00e8s mal vue, d\u2019ailleurs \u00e7a m\u2019a valu des menaces mais bon ce n\u2019est pas bien grave. J\u2019ai fait une formation en agriculture conventionnelle ici. <\/p>\n\n\n\n<blockquote class=\"wp-block-quote is-layout-flow wp-block-quote-is-layout-flow\">\n<p><strong><em>Quand j\u2019ai vu la fa\u00e7on dont les jeunes \u00e9taient form\u00e9s, j\u2019ai compris tout de suite qu\u2019on allait propulser notre agriculture contre un mur<\/em><\/strong>. <\/p>\n<\/blockquote>\n\n\n\n<p>A cette \u00e9poque en 1981, j\u2019avais dit que si on continue comme \u00e7a, on va manger tropical au lieu de manger local. Beaucoup de gens ne pr\u00eatent pas attention mais en faisant venir des produits tropicaux des Antilles, sans tenir compte des conditions de production et autres, \u00e7a peut faire que l\u2019on mange des produits empoissonn\u00e9s&nbsp;; et le fait qu\u2019on ne nous dise pas toujours l\u2019origine, c\u2019est aussi une source d\u2019empoisonnement&nbsp;; alors que chez nous en Martinique nous avons beaucoup de gens qui connaissent, qui sont des scientifiques.<\/p>\n\n\n\n<p>Je sais qu\u2019il y a ce probl\u00e8me de chlord\u00e9cone&nbsp;; moi je dis souvent :<\/p>\n\n\n\n<blockquote class=\"wp-block-quote is-layout-flow wp-block-quote-is-layout-flow\">\n<p><strong><em>C\u2019est une r\u00e9alit\u00e9 mais ce n\u2019est pas une fatalit\u00e9<\/em><\/strong><\/p>\n<\/blockquote>\n\n\n\n<p>Quand il y a cette r\u00e9alit\u00e9-l\u00e0, il y a des m\u00e9thodes de culture qu\u2019on peut utiliser et donc m\u00eame sur une terre chlord\u00e9con\u00e9e on peut produire sans que le produit ne soit atteint. Ce sont des m\u00e9thodes de production que l\u2019on doit adapter pour tirer profit du petit carr\u00e9 de terre qu\u2019on a achet\u00e9 dans la cit\u00e9 puisque qu\u2019on ne vous dit pas que c\u2019\u00e9tait une terre \u00e0 banane. L\u00e0 aussi il y a mensonge et manque d\u2019information.<\/p>\n\n\n\n<p>La Martinique est un pays que n\u2019a pas d\u2019arr\u00eat v\u00e9g\u00e9tatif puisque nous avons des choses qui poussent toute l\u2019ann\u00e9e, donc avec tout ce que nous avons en connaissance, en maitrise, <\/p>\n\n\n\n<blockquote class=\"wp-block-quote is-layout-flow wp-block-quote-is-layout-flow\">\n<p><strong><em>la Martinique pourrait se nourrir sans avoir \u00e0 attendre le bateau ou l\u2019avion<\/em><\/strong>. <\/p>\n<\/blockquote>\n\n\n\n<p>Maintenant c\u2019est une question de volont\u00e9, pas seulement politique car la politique c\u2019est un point dans l\u2019oc\u00e9an, mais de la population pour qu\u2019elle se r\u00e9approprie sa terre et son alimentation. <\/p>\n\n\n\n<blockquote class=\"wp-block-quote is-layout-flow wp-block-quote-is-layout-flow\">\n<p>Il faut l\u2019informer, l\u2019\u00e9duquer, pas avec des mots mais avec des exemples. <\/p>\n<\/blockquote>\n\n\n\n<p>Ca peut encore se faire c\u2019est pourquoi dans notre association nous faisons de l\u2019\u00e9ducation, de l\u2019information et nous faisons toucher du doigts chaque produit. L\u00e0 nous nous battons pour faire conna\u00eetre les l\u00e9gumes d\u00e9laiss\u00e9s mais aussi les l\u00e9gumes ignor\u00e9s car <\/p>\n\n\n\n<blockquote class=\"wp-block-quote is-layout-flow wp-block-quote-is-layout-flow\">\n<p>La population ne sait pas que nous avons plus de 400 feuilles comestibles pour nous nourrir.<\/p>\n<\/blockquote>\n\n\n\n<p>Vous voyez, il y a plein de l\u00e9gumes que nos a\u00een\u00e9s ont utilis\u00e9s par le pass\u00e9 et que les jeunes ne connaissent pas. Je peux prendre en exemple le pois, nous avons plus de 60 vari\u00e9t\u00e9s de pois en Martinique mais jamais vous trouvez un kilo de pois sur le march\u00e9. Or les pois ont des vertus et sont des prot\u00e9ines qui peuvent remplacer la viande qui elle peut empoisonner notre organisme&nbsp;; donc il y a toute une information \u00e0 faire. Quand on sait \u00e0 quelle vitesse poussent les pois pour nous nourrir, on se rend compte que la Martinique n\u2019a pas de probl\u00e8me r\u00e9el, mais c\u2019est un probl\u00e8me qu\u2019on entretient pour que nous restions la main tendue. Tout est possible nous le disons. Par exemple, notre association produit du riz, nous essayons aussi de r\u00e9habiliter le chou Tadjo, et le jour o\u00f9 les Martiniquais vont d\u00e9couvrir ses potentiels ce sera la guerre du Chou, on va se prendre le chou. Il y a plein de produits comme \u00e7a, sur lesquels aucune \u00e9cole agricole n\u2019informe, et qui ne sont mentionn\u00e9s dans aucun discours alimentaire, ce qui fait que <\/p>\n\n\n\n<blockquote class=\"wp-block-quote is-layout-flow wp-block-quote-is-layout-flow\">\n<p class=\"has-text-align-center\"><strong>nous restons toujours dans cette ignorance alors que nous sommes dans une abondance, ce que j\u2019appelle <em>l\u2019abondance d\u00e9laiss\u00e9e<\/em>.<\/strong><\/p>\n<\/blockquote>\n\n\n\n<p>Je pense que tout est encore possible et maintenant que les gens s\u2019\u00e9veillent \u00e0 ces questions-l\u00e0, il faut leur donner l\u2019information, l\u2019\u00e9ducation pas seulement pour conna\u00eetre le produit en lui-m\u00eame mais aussi pour apprendre \u00e0 le pr\u00e9parer puisqu\u2019on ne peut pas nier que nos papilles gustatives ont \u00e9t\u00e9 d\u00e9vi\u00e9es mais on peut remettre au gout du jour des saveurs locales, car nous avons des techniciens culinaires pour le faire. Il faut rappeler que nous sommes une \u00eele \u00e0 \u00e9pices, or nous n\u2019utilisons pas les \u00e9pices de nous, il y a un probl\u00e8me, on ne devrait pas importer des \u00e9pices. Il y a \u00e9norm\u00e9ment de plantes aromatiques mais qu\u2019on ne d\u00e9veloppe pas pour les mettre sur le march\u00e9. On les d\u00e9veloppe \u00e0 la maison, on en utilise tr\u00e8s peu et on en jette beaucoup.<\/p>\n\n\n\n<p>C\u2019est pourquoi il faut une r\u00e9organisation totale de notre environnement, de notre agriculture et de notre fa\u00e7on de consommer et nous verrons que le r\u00e9sultat c\u2019est que nous aurons une sant\u00e9 nettement meilleure que celle que nous avons aujourd\u2019hui et cela je le dis par exp\u00e9rience&nbsp;: <\/p>\n\n\n\n<blockquote class=\"wp-block-quote is-layout-flow wp-block-quote-is-layout-flow\">\n<p class=\"has-text-align-center\"><strong><em>Tout est encore possible, la Martinique tangue mais elle ne sombre pas, alors essayons de trouver de bons vents pour remettre la Martinique \u00e0 flot<\/em><\/strong>.<\/p>\n<\/blockquote>\n\n\n\n<p><strong>Contact : ANFAM<\/strong> &#8211; 0696 53 43 00 &#8211; anfamartinique972@gmail.com &#8211; 124 Chemin Pompon Soldat Bois-Rouge, 97224 DUCOS.<\/p>\n\n\n\n<p><\/p>\n","protected":false},"excerpt":{"rendered":"<p>On dit de lui qu&#8217;il est une biblioth\u00e8que agricole vivante. Il nous partage un peu de son savoir ainsi que sa vision de l&#8217;alimentation en Martinique, \u00e0 travers cette interview r\u00e9alis\u00e9e \u00e0 l&#8217;occasion de l&#8217;\u00e9v\u00e9nement de labellisation du Projet alimentaire territorial (PAT) de Ducos, le&#8230;<\/p>\n","protected":false},"author":11,"featured_media":790,"parent":0,"menu_order":0,"comment_status":"closed","ping_status":"closed","template":"","meta":{"footnotes":""},"class_list":["post-487","page","type-page","status-publish","has-post-thumbnail","hentry"],"yoast_head":"<!-- This site is optimized with the Yoast SEO plugin v27.3 - https:\/\/yoast.com\/product\/yoast-seo-wordpress\/ -->\n<title>Bel pasaj \u00e9pi Misi\u00e9 G\u00e9rard Sainte-Rose - Projet Alimentaire Territorial<\/title>\n<meta name=\"robots\" content=\"index, follow, max-snippet:-1, max-image-preview:large, max-video-preview:-1\" \/>\n<link rel=\"canonical\" href=\"https:\/\/espacesud.fr\/pat\/bel-pasaj-epi-misie-gerard-sainte-rose\/\" \/>\n<meta property=\"og:locale\" content=\"fr_FR\" \/>\n<meta property=\"og:type\" content=\"article\" \/>\n<meta property=\"og:title\" content=\"Bel pasaj \u00e9pi Misi\u00e9 G\u00e9rard Sainte-Rose - Projet Alimentaire Territorial\" \/>\n<meta property=\"og:description\" content=\"On dit de lui qu&#8217;il est une biblioth\u00e8que agricole vivante. Il nous partage un peu de son savoir ainsi que sa vision de l&#8217;alimentation en Martinique, \u00e0 travers cette interview r\u00e9alis\u00e9e \u00e0 l&#8217;occasion de l&#8217;\u00e9v\u00e9nement de labellisation du Projet alimentaire territorial (PAT) de Ducos, le...\" \/>\n<meta property=\"og:url\" content=\"https:\/\/espacesud.fr\/pat\/bel-pasaj-epi-misie-gerard-sainte-rose\/\" \/>\n<meta property=\"og:site_name\" content=\"Projet Alimentaire Territorial\" \/>\n<meta property=\"article:modified_time\" content=\"2025-11-19T18:20:04+00:00\" \/>\n<meta property=\"og:image\" content=\"http:\/\/espacesud.fr\/pat\/wp-content\/uploads\/sites\/12\/2025\/11\/Gerard-Sainte-Rose.png\" \/>\n\t<meta property=\"og:image:width\" content=\"938\" \/>\n\t<meta property=\"og:image:height\" content=\"494\" \/>\n\t<meta property=\"og:image:type\" content=\"image\/png\" \/>\n<meta name=\"twitter:card\" content=\"summary_large_image\" \/>\n<meta name=\"twitter:label1\" content=\"Dur\u00e9e de lecture estim\u00e9e\" \/>\n\t<meta name=\"twitter:data1\" content=\"6 minutes\" \/>\n<script type=\"application\/ld+json\" class=\"yoast-schema-graph\">{\"@context\":\"https:\\\/\\\/schema.org\",\"@graph\":[{\"@type\":\"WebPage\",\"@id\":\"https:\\\/\\\/espacesud.fr\\\/pat\\\/bel-pasaj-epi-misie-gerard-sainte-rose\\\/\",\"url\":\"https:\\\/\\\/espacesud.fr\\\/pat\\\/bel-pasaj-epi-misie-gerard-sainte-rose\\\/\",\"name\":\"Bel pasaj \u00e9pi Misi\u00e9 G\u00e9rard Sainte-Rose - Projet Alimentaire Territorial\",\"isPartOf\":{\"@id\":\"https:\\\/\\\/espacesud.fr\\\/pat\\\/#website\"},\"primaryImageOfPage\":{\"@id\":\"https:\\\/\\\/espacesud.fr\\\/pat\\\/bel-pasaj-epi-misie-gerard-sainte-rose\\\/#primaryimage\"},\"image\":{\"@id\":\"https:\\\/\\\/espacesud.fr\\\/pat\\\/bel-pasaj-epi-misie-gerard-sainte-rose\\\/#primaryimage\"},\"thumbnailUrl\":\"https:\\\/\\\/espacesud.fr\\\/pat\\\/wp-content\\\/uploads\\\/sites\\\/12\\\/2025\\\/11\\\/Gerard-Sainte-Rose.png\",\"datePublished\":\"2025-10-14T21:02:50+00:00\",\"dateModified\":\"2025-11-19T18:20:04+00:00\",\"breadcrumb\":{\"@id\":\"https:\\\/\\\/espacesud.fr\\\/pat\\\/bel-pasaj-epi-misie-gerard-sainte-rose\\\/#breadcrumb\"},\"inLanguage\":\"fr-FR\",\"potentialAction\":[{\"@type\":\"ReadAction\",\"target\":[\"https:\\\/\\\/espacesud.fr\\\/pat\\\/bel-pasaj-epi-misie-gerard-sainte-rose\\\/\"]}]},{\"@type\":\"ImageObject\",\"inLanguage\":\"fr-FR\",\"@id\":\"https:\\\/\\\/espacesud.fr\\\/pat\\\/bel-pasaj-epi-misie-gerard-sainte-rose\\\/#primaryimage\",\"url\":\"https:\\\/\\\/espacesud.fr\\\/pat\\\/wp-content\\\/uploads\\\/sites\\\/12\\\/2025\\\/11\\\/Gerard-Sainte-Rose.png\",\"contentUrl\":\"https:\\\/\\\/espacesud.fr\\\/pat\\\/wp-content\\\/uploads\\\/sites\\\/12\\\/2025\\\/11\\\/Gerard-Sainte-Rose.png\",\"width\":938,\"height\":494,\"caption\":\"Photo illustrant une interview de G\u00e9rard Sainte-Rose\"},{\"@type\":\"BreadcrumbList\",\"@id\":\"https:\\\/\\\/espacesud.fr\\\/pat\\\/bel-pasaj-epi-misie-gerard-sainte-rose\\\/#breadcrumb\",\"itemListElement\":[{\"@type\":\"ListItem\",\"position\":1,\"name\":\"Accueil\",\"item\":\"https:\\\/\\\/espacesud.fr\\\/pat\\\/\"},{\"@type\":\"ListItem\",\"position\":2,\"name\":\"Bel pasaj \u00e9pi Misi\u00e9 G\u00e9rard Sainte-Rose\"}]},{\"@type\":\"WebSite\",\"@id\":\"https:\\\/\\\/espacesud.fr\\\/pat\\\/#website\",\"url\":\"https:\\\/\\\/espacesud.fr\\\/pat\\\/\",\"name\":\"Projet Alimentaire Territorial\",\"description\":\"\",\"potentialAction\":[{\"@type\":\"SearchAction\",\"target\":{\"@type\":\"EntryPoint\",\"urlTemplate\":\"https:\\\/\\\/espacesud.fr\\\/pat\\\/?s={search_term_string}\"},\"query-input\":{\"@type\":\"PropertyValueSpecification\",\"valueRequired\":true,\"valueName\":\"search_term_string\"}}],\"inLanguage\":\"fr-FR\"}]}<\/script>\n<!-- \/ Yoast SEO plugin. -->","yoast_head_json":{"title":"Bel pasaj \u00e9pi Misi\u00e9 G\u00e9rard Sainte-Rose - Projet Alimentaire Territorial","robots":{"index":"index","follow":"follow","max-snippet":"max-snippet:-1","max-image-preview":"max-image-preview:large","max-video-preview":"max-video-preview:-1"},"canonical":"https:\/\/espacesud.fr\/pat\/bel-pasaj-epi-misie-gerard-sainte-rose\/","og_locale":"fr_FR","og_type":"article","og_title":"Bel pasaj \u00e9pi Misi\u00e9 G\u00e9rard Sainte-Rose - Projet Alimentaire Territorial","og_description":"On dit de lui qu&#8217;il est une biblioth\u00e8que agricole vivante. Il nous partage un peu de son savoir ainsi que sa vision de l&#8217;alimentation en Martinique, \u00e0 travers cette interview r\u00e9alis\u00e9e \u00e0 l&#8217;occasion de l&#8217;\u00e9v\u00e9nement de labellisation du Projet alimentaire territorial (PAT) de Ducos, le...","og_url":"https:\/\/espacesud.fr\/pat\/bel-pasaj-epi-misie-gerard-sainte-rose\/","og_site_name":"Projet Alimentaire Territorial","article_modified_time":"2025-11-19T18:20:04+00:00","og_image":[{"width":938,"height":494,"url":"http:\/\/espacesud.fr\/pat\/wp-content\/uploads\/sites\/12\/2025\/11\/Gerard-Sainte-Rose.png","type":"image\/png"}],"twitter_card":"summary_large_image","twitter_misc":{"Dur\u00e9e de lecture estim\u00e9e":"6 minutes"},"schema":{"@context":"https:\/\/schema.org","@graph":[{"@type":"WebPage","@id":"https:\/\/espacesud.fr\/pat\/bel-pasaj-epi-misie-gerard-sainte-rose\/","url":"https:\/\/espacesud.fr\/pat\/bel-pasaj-epi-misie-gerard-sainte-rose\/","name":"Bel pasaj \u00e9pi Misi\u00e9 G\u00e9rard Sainte-Rose - Projet Alimentaire Territorial","isPartOf":{"@id":"https:\/\/espacesud.fr\/pat\/#website"},"primaryImageOfPage":{"@id":"https:\/\/espacesud.fr\/pat\/bel-pasaj-epi-misie-gerard-sainte-rose\/#primaryimage"},"image":{"@id":"https:\/\/espacesud.fr\/pat\/bel-pasaj-epi-misie-gerard-sainte-rose\/#primaryimage"},"thumbnailUrl":"https:\/\/espacesud.fr\/pat\/wp-content\/uploads\/sites\/12\/2025\/11\/Gerard-Sainte-Rose.png","datePublished":"2025-10-14T21:02:50+00:00","dateModified":"2025-11-19T18:20:04+00:00","breadcrumb":{"@id":"https:\/\/espacesud.fr\/pat\/bel-pasaj-epi-misie-gerard-sainte-rose\/#breadcrumb"},"inLanguage":"fr-FR","potentialAction":[{"@type":"ReadAction","target":["https:\/\/espacesud.fr\/pat\/bel-pasaj-epi-misie-gerard-sainte-rose\/"]}]},{"@type":"ImageObject","inLanguage":"fr-FR","@id":"https:\/\/espacesud.fr\/pat\/bel-pasaj-epi-misie-gerard-sainte-rose\/#primaryimage","url":"https:\/\/espacesud.fr\/pat\/wp-content\/uploads\/sites\/12\/2025\/11\/Gerard-Sainte-Rose.png","contentUrl":"https:\/\/espacesud.fr\/pat\/wp-content\/uploads\/sites\/12\/2025\/11\/Gerard-Sainte-Rose.png","width":938,"height":494,"caption":"Photo illustrant une interview de G\u00e9rard Sainte-Rose"},{"@type":"BreadcrumbList","@id":"https:\/\/espacesud.fr\/pat\/bel-pasaj-epi-misie-gerard-sainte-rose\/#breadcrumb","itemListElement":[{"@type":"ListItem","position":1,"name":"Accueil","item":"https:\/\/espacesud.fr\/pat\/"},{"@type":"ListItem","position":2,"name":"Bel pasaj \u00e9pi Misi\u00e9 G\u00e9rard Sainte-Rose"}]},{"@type":"WebSite","@id":"https:\/\/espacesud.fr\/pat\/#website","url":"https:\/\/espacesud.fr\/pat\/","name":"Projet Alimentaire Territorial","description":"","potentialAction":[{"@type":"SearchAction","target":{"@type":"EntryPoint","urlTemplate":"https:\/\/espacesud.fr\/pat\/?s={search_term_string}"},"query-input":{"@type":"PropertyValueSpecification","valueRequired":true,"valueName":"search_term_string"}}],"inLanguage":"fr-FR"}]}},"_links":{"self":[{"href":"https:\/\/espacesud.fr\/pat\/wp-json\/wp\/v2\/pages\/487","targetHints":{"allow":["GET"]}}],"collection":[{"href":"https:\/\/espacesud.fr\/pat\/wp-json\/wp\/v2\/pages"}],"about":[{"href":"https:\/\/espacesud.fr\/pat\/wp-json\/wp\/v2\/types\/page"}],"author":[{"embeddable":true,"href":"https:\/\/espacesud.fr\/pat\/wp-json\/wp\/v2\/users\/11"}],"replies":[{"embeddable":true,"href":"https:\/\/espacesud.fr\/pat\/wp-json\/wp\/v2\/comments?post=487"}],"version-history":[{"count":0,"href":"https:\/\/espacesud.fr\/pat\/wp-json\/wp\/v2\/pages\/487\/revisions"}],"wp:featuredmedia":[{"embeddable":true,"href":"https:\/\/espacesud.fr\/pat\/wp-json\/wp\/v2\/media\/790"}],"wp:attachment":[{"href":"https:\/\/espacesud.fr\/pat\/wp-json\/wp\/v2\/media?parent=487"}],"curies":[{"name":"wp","href":"https:\/\/api.w.org\/{rel}","templated":true}]}}