{"id":579,"date":"2026-03-27T19:19:19","date_gmt":"2026-03-27T18:19:19","guid":{"rendered":"https:\/\/espacesud.fr\/defi\/?page_id=579"},"modified":"2026-03-30T20:25:15","modified_gmt":"2026-03-30T18:25:15","slug":"nos-outils-pedagogiques","status":"publish","type":"page","link":"https:\/\/espacesud.fr\/defi\/nos-outils-pedagogiques\/","title":{"rendered":"Nos outils p\u00e9dagogiques"},"content":{"rendered":"\t\t<div data-elementor-type=\"wp-page\" data-elementor-id=\"579\" class=\"elementor elementor-579\" data-elementor-post-type=\"page\">\n\t\t\t\t<div class=\"elementor-element elementor-element-34a4d44 e-flex e-con-boxed e-con e-parent\" data-id=\"34a4d44\" data-element_type=\"container\" data-e-type=\"container\" data-settings=\"{&quot;background_background&quot;:&quot;classic&quot;}\">\n\t\t\t\t\t<div class=\"e-con-inner\">\n\t\t\t\t<div class=\"elementor-element elementor-element-f7dad32 elementor-widget__width-initial elementor-widget elementor-widget-heading\" data-id=\"f7dad32\" data-element_type=\"widget\" data-e-type=\"widget\" data-widget_type=\"heading.default\">\n\t\t\t\t\t<h4 class=\"elementor-heading-title elementor-size-default\">Section des enfants<\/h4>\t\t\t\t<\/div>\n\t\t\t\t<div class=\"elementor-element elementor-element-8dfaf33 elementor-widget elementor-widget-spacer\" data-id=\"8dfaf33\" data-element_type=\"widget\" data-e-type=\"widget\" data-widget_type=\"spacer.default\">\n\t\t\t\t\t\t\t<div class=\"elementor-spacer\">\n\t\t\t<div class=\"elementor-spacer-inner\"><\/div>\n\t\t<\/div>\n\t\t\t\t\t\t<\/div>\n\t\t\t\t<div class=\"elementor-element elementor-element-06692b5 elementor-widget__width-initial elementor-widget elementor-widget-heading\" data-id=\"06692b5\" data-element_type=\"widget\" data-e-type=\"widget\" data-widget_type=\"heading.default\">\n\t\t\t\t\t<h4 class=\"elementor-heading-title elementor-size-default\"><a href=\"http:\/\/espacesud.fr\/defi\/wp-content\/uploads\/sites\/16\/2026\/03\/livret_coloriage_enseignants.pdf\" target=\"_blank\">\u270f\ufe0f Livret de coloriage et d'\u00e9criture sur les fruits et l\u00e9gumes locaux<\/a><\/h4>\t\t\t\t<\/div>\n\t\t\t\t<div class=\"elementor-element elementor-element-921b230 elementor-widget__width-initial elementor-widget elementor-widget-heading\" data-id=\"921b230\" data-element_type=\"widget\" data-e-type=\"widget\" data-widget_type=\"heading.default\">\n\t\t\t\t\t<h4 class=\"elementor-heading-title elementor-size-default\"><a href=\"http:\/\/espacesud.fr\/defi\/wp-content\/uploads\/sites\/16\/2025\/09\/bons-points-1.pdf\" target=\"_blank\">\ud83d\ude09 Bons points sur les fruits et l\u00e9gumes locaux<\/a><\/h4>\t\t\t\t<\/div>\n\t\t\t\t<div class=\"elementor-element elementor-element-fb82976 elementor-widget__width-initial elementor-widget elementor-widget-heading\" data-id=\"fb82976\" data-element_type=\"widget\" data-e-type=\"widget\" data-widget_type=\"heading.default\">\n\t\t\t\t\t<h4 class=\"elementor-heading-title elementor-size-default\"><a href=\"http:\/\/espacesud.fr\/defi\/wp-content\/uploads\/sites\/16\/2025\/09\/BAT-CAESN-Livret-recettes-32P-A4-SsBP-N1-1.pdf\" target=\"_blank\">\ud83c\udf49 Livret de recettes pour les scolaires<\/a><\/h4>\t\t\t\t<\/div>\n\t\t\t\t<div class=\"elementor-element elementor-element-0fba674 elementor-widget__width-initial elementor-widget elementor-widget-heading\" data-id=\"0fba674\" data-element_type=\"widget\" data-e-type=\"widget\" data-widget_type=\"heading.default\">\n\t\t\t\t\t<h4 class=\"elementor-heading-title elementor-size-default\"><a href=\"http:\/\/espacesud.fr\/defi\/wp-content\/uploads\/sites\/16\/2025\/10\/GASPIPA-avec-compression.pdf\" target=\"_blank\">\ud83d\udc1c Bande dessin\u00e9e Gaspipa<\/a><\/h4>\t\t\t\t<\/div>\n\t\t\t\t<div class=\"elementor-element elementor-element-fb58638 elementor-widget-divider--view-line elementor-widget elementor-widget-divider\" data-id=\"fb58638\" data-element_type=\"widget\" data-e-type=\"widget\" data-widget_type=\"divider.default\">\n\t\t\t\t\t\t\t<div class=\"elementor-divider\">\n\t\t\t<span class=\"elementor-divider-separator\">\n\t\t\t\t\t\t<\/span>\n\t\t<\/div>\n\t\t\t\t\t\t<\/div>\n\t\t\t\t<div class=\"elementor-element elementor-element-b6254d3 elementor-widget__width-initial elementor-widget elementor-widget-heading\" data-id=\"b6254d3\" data-element_type=\"widget\" data-e-type=\"widget\" data-widget_type=\"heading.default\">\n\t\t\t\t\t<h4 class=\"elementor-heading-title elementor-size-default\">Section des adultes<\/h4>\t\t\t\t<\/div>\n\t\t\t\t<div class=\"elementor-element elementor-element-c507250 elementor-widget__width-initial elementor-widget elementor-widget-heading\" data-id=\"c507250\" data-element_type=\"widget\" data-e-type=\"widget\" data-widget_type=\"heading.default\">\n\t\t\t\t\t<h4 class=\"elementor-heading-title elementor-size-default\"><a href=\"http:\/\/espacesud.fr\/defi\/wp-content\/uploads\/sites\/16\/2026\/03\/atelier_culinaire-_-defi_gran_moun_light.pdf\" target=\"_blank\" rel=\"nofollow\">\ud83d\udc75\ud83c\udffd\ud83d\udc69\ud83c\udffd\u200d\ud83e\uddb2 Livret de recettes pour les s\u00e9niors et aidants familiaux<\/a><\/h4>\t\t\t\t<\/div>\n\t\t\t\t<div class=\"elementor-element elementor-element-a716ac5 elementor-widget__width-initial elementor-widget elementor-widget-heading\" data-id=\"a716ac5\" data-element_type=\"widget\" data-e-type=\"widget\" data-widget_type=\"heading.default\">\n\t\t\t\t\t<h4 class=\"elementor-heading-title elementor-size-default\"><a href=\"http:\/\/espacesud.fr\/defi\/wp-content\/uploads\/sites\/16\/2026\/03\/LIVRET-RECETTES_impression.pdf\" target=\"_blank\" rel=\"nofollow\">\ud83e\uddd1\ud83c\udffd\u200d\ud83c\udf73 Livret de recettes : restauration scolaire<\/a><\/h4>\t\t\t\t<\/div>\n\t\t\t\t<div class=\"elementor-element elementor-element-453be66 elementor-widget__width-initial elementor-widget elementor-widget-heading\" data-id=\"453be66\" data-element_type=\"widget\" data-e-type=\"widget\" data-widget_type=\"heading.default\">\n\t\t\t\t\t<h4 class=\"elementor-heading-title elementor-size-default\"><a href=\"http:\/\/espacesud.fr\/defi\/wp-content\/uploads\/sites\/16\/2026\/03\/LIVRET-RECETTES_impression.pdf\" target=\"_blank\" rel=\"nofollow\">\ud83e\uddd1\ud83c\udffd\u200d\ud83c\udf73 Livret de recettes : restauration scolaire<\/a><\/h4>\t\t\t\t<\/div>\n\t\t\t\t<div class=\"elementor-element elementor-element-b8e8c9f elementor-widget__width-initial elementor-widget elementor-widget-heading\" data-id=\"b8e8c9f\" data-element_type=\"widget\" data-e-type=\"widget\" data-widget_type=\"heading.default\">\n\t\t\t\t\t<h4 class=\"elementor-heading-title elementor-size-default\"><a href=\"http:\/\/espacesud.fr\/defi\/wp-content\/uploads\/sites\/16\/2025\/09\/Legumes-peyi.pdf\" target=\"_blank\" rel=\"nofollow\">\ud83e\udd54 Les l\u00e9gumes p\u00e9yi<\/a><\/h4>\t\t\t\t<\/div>\n\t\t\t\t<div class=\"elementor-element elementor-element-de1769c elementor-widget__width-initial elementor-widget elementor-widget-heading\" data-id=\"de1769c\" data-element_type=\"widget\" data-e-type=\"widget\" data-widget_type=\"heading.default\">\n\t\t\t\t\t<h4 class=\"elementor-heading-title elementor-size-default\"><a href=\"http:\/\/espacesud.fr\/defi\/wp-content\/uploads\/sites\/16\/2025\/09\/Legumes-verts-locaux.pdf\" target=\"_blank\" rel=\"nofollow\">\ud83e\udd66 Les l\u00e9gumes verts<\/a><\/h4>\t\t\t\t<\/div>\n\t\t\t\t<div class=\"elementor-element elementor-element-bff384b elementor-widget__width-initial elementor-widget elementor-widget-heading\" data-id=\"bff384b\" data-element_type=\"widget\" data-e-type=\"widget\" data-widget_type=\"heading.default\">\n\t\t\t\t\t<h4 class=\"elementor-heading-title elementor-size-default\"><a href=\"http:\/\/espacesud.fr\/defi\/wp-content\/uploads\/sites\/16\/2025\/09\/Fruits-Locaux.jpg\" target=\"_blank\" rel=\"nofollow\">\ud83c\udf4a Les fruits locaux<\/a><\/h4>\t\t\t\t<\/div>\n\t\t\t\t\t<\/div>\n\t\t\t\t<\/div>\n\t\t<div class=\"elementor-element elementor-element-0e445d9 e-flex e-con-boxed e-con e-parent\" data-id=\"0e445d9\" data-element_type=\"container\" data-e-type=\"container\">\n\t\t\t\t\t<div class=\"e-con-inner\">\n\t\t\t\t<div class=\"elementor-element elementor-element-26a6d83 elementor-widget-divider--view-line elementor-widget elementor-widget-divider\" data-id=\"26a6d83\" data-element_type=\"widget\" data-e-type=\"widget\" data-widget_type=\"divider.default\">\n\t\t\t\t\t\t\t<div class=\"elementor-divider\">\n\t\t\t<span class=\"elementor-divider-separator\">\n\t\t\t\t\t\t<\/span>\n\t\t<\/div>\n\t\t\t\t\t\t<\/div>\n\t\t\t\t\t<\/div>\n\t\t\t\t<\/div>\n\t\t<div class=\"elementor-element elementor-element-dfbd982 e-flex e-con-boxed e-con e-parent\" data-id=\"dfbd982\" data-element_type=\"container\" data-e-type=\"container\">\n\t\t\t\t\t<div class=\"e-con-inner\">\n\t\t\t\t<div class=\"elementor-element elementor-element-9abef3b elementor-widget elementor-widget-heading\" data-id=\"9abef3b\" data-element_type=\"widget\" data-e-type=\"widget\" data-widget_type=\"heading.default\">\n\t\t\t\t\t<h4 class=\"elementor-heading-title elementor-size-default\">Bonus: autres th\u00e9matiques<\/h4>\t\t\t\t<\/div>\n\t\t<div class=\"elementor-element elementor-element-ad2dd45 e-con-full e-flex e-con e-child\" data-id=\"ad2dd45\" data-element_type=\"container\" data-e-type=\"container\">\n\t\t\t\t<div class=\"elementor-element elementor-element-0bf3346 elementor-widget__width-initial elementor-widget elementor-widget-heading\" data-id=\"0bf3346\" data-element_type=\"widget\" data-e-type=\"widget\" data-widget_type=\"heading.default\">\n\t\t\t\t\t<h4 class=\"elementor-heading-title elementor-size-default\"><a href=\"http:\/\/espacesud.fr\/defi\/wp-content\/uploads\/sites\/16\/2026\/03\/BD-un-air-de-famille.pdf\" target=\"_blank\" rel=\"nofollow\">\u26c5 BD un Air de familles (Qualit\u00e9 de l'air et sant\u00e9)<\/a><\/h4>\t\t\t\t<\/div>\n\t\t\t\t<div class=\"elementor-element elementor-element-96e184e elementor-widget__width-initial elementor-widget elementor-widget-heading\" data-id=\"96e184e\" data-element_type=\"widget\" data-e-type=\"widget\" data-widget_type=\"heading.default\">\n\t\t\t\t\t<h4 class=\"elementor-heading-title elementor-size-default\"><a href=\"http:\/\/espacesud.fr\/defi\/wp-content\/uploads\/sites\/16\/2026\/03\/livret-pedagogique-interactif.pdf\" target=\"_blank\" rel=\"nofollow\">\u26c5 BD un Air de familles (Qualit\u00e9 de l'air et sant\u00e9): livret d'activit\u00e9s<\/a><\/h4>\t\t\t\t<\/div>\n\t\t\t\t<div class=\"elementor-element elementor-element-5e5381b elementor-widget__width-initial elementor-widget elementor-widget-heading\" data-id=\"5e5381b\" data-element_type=\"widget\" data-e-type=\"widget\" data-widget_type=\"heading.default\">\n\t\t\t\t\t<h4 class=\"elementor-heading-title elementor-size-default\"><a href=\"https:\/\/espacesud.fr\/abic\/wp-content\/uploads\/sites\/15\/2025\/09\/BD-ABB-05-09.pdf\" target=\"_blank\" rel=\"nofollow\">\ud83c\udf43 BD ANba bwa - tome 1<\/a><\/h4>\t\t\t\t<\/div>\n\t\t\t\t<div class=\"elementor-element elementor-element-26f6169 elementor-widget__width-initial elementor-widget elementor-widget-heading\" data-id=\"26f6169\" data-element_type=\"widget\" data-e-type=\"widget\" data-widget_type=\"heading.default\">\n\t\t\t\t\t<h4 class=\"elementor-heading-title elementor-size-default\"><a href=\"https:\/\/espacesud.fr\/abic\/wp-content\/uploads\/sites\/15\/2025\/09\/BD-ABB-2-SS-BDC-.pdf\" target=\"_blank\" rel=\"nofollow\">\ud83c\udf43 BD Anba bwa - tome 2<\/a><\/h4>\t\t\t\t<\/div>\n\t\t\t\t<div class=\"elementor-element elementor-element-91ad5bd elementor-widget__width-initial elementor-widget elementor-widget-heading\" data-id=\"91ad5bd\" data-element_type=\"widget\" data-e-type=\"widget\" data-widget_type=\"heading.default\">\n\t\t\t\t\t<h4 class=\"elementor-heading-title elementor-size-default\"><a href=\"https:\/\/espacesud.fr\/abic\/wp-content\/uploads\/sites\/15\/2025\/09\/ABB3_impr.pdf\" target=\"_blank\" rel=\"nofollow\">\ud83c\udf43 BD Anba bwa - tome 3<\/a><\/h4>\t\t\t\t<\/div>\n\t\t\t\t<\/div>\n\t\t\t\t<div class=\"elementor-element elementor-element-4d37e86 elementor-widget elementor-widget-spacer\" data-id=\"4d37e86\" data-element_type=\"widget\" data-e-type=\"widget\" data-widget_type=\"spacer.default\">\n\t\t\t\t\t\t\t<div class=\"elementor-spacer\">\n\t\t\t<div class=\"elementor-spacer-inner\"><\/div>\n\t\t<\/div>\n\t\t\t\t\t\t<\/div>\n\t\t\t\t<div class=\"elementor-element elementor-element-54299a0 elementor-widget elementor-widget-elementskit-heading\" data-id=\"54299a0\" data-element_type=\"widget\" data-e-type=\"widget\" data-widget_type=\"elementskit-heading.default\">\n\t\t\t\t\t<div class=\"ekit-wid-con\" ><div class=\"ekit-heading elementskit-section-title-wraper text_center   ekit_heading_tablet-   ekit_heading_mobile-\">\t\t\t\t<span class='ekit-heading__shadow-text'>\n\t\t\t\t\tD\u00e9fi familles\t\t\t\t<\/span>\n\t\t\t<h2 class=\"ekit-heading--title elementskit-section-title \">Valorisons nos <span><span>fruits et l\u00e9gumes<\/span><\/span> locaux<\/h2>\t\t\t\t<div class='ekit-heading__description'>\n\t\t\t\t\t<p>Nous vous proposons de les d\u00e9couvrir ou red\u00e9couvrir \u00e0 travers livrets de recettes, nos jeux et bandes dessin\u00e9es.<\/p>\n\t\t\t\t<\/div>\n\t\t\t<\/div><\/div>\t\t\t\t<\/div>\n\t\t\t\t<div class=\"elementor-element elementor-element-915d0a6 elementor-widget elementor-widget-image\" data-id=\"915d0a6\" data-element_type=\"widget\" data-e-type=\"widget\" data-widget_type=\"image.default\">\n\t\t\t\t\t\t\t\t\t\t\t\t\t\t\t<img fetchpriority=\"high\" decoding=\"async\" width=\"300\" height=\"300\" src=\"https:\/\/espacesud.fr\/defi\/wp-content\/uploads\/sites\/16\/2025\/09\/logo-familles_logo-Copie-300x300.jpg\" class=\"attachment-medium size-medium wp-image-281\" alt=\"\" srcset=\"https:\/\/espacesud.fr\/defi\/wp-content\/uploads\/sites\/16\/2025\/09\/logo-familles_logo-Copie-300x300.jpg 300w, https:\/\/espacesud.fr\/defi\/wp-content\/uploads\/sites\/16\/2025\/09\/logo-familles_logo-Copie-150x150.jpg 150w, https:\/\/espacesud.fr\/defi\/wp-content\/uploads\/sites\/16\/2025\/09\/logo-familles_logo-Copie-220x220.jpg 220w, https:\/\/espacesud.fr\/defi\/wp-content\/uploads\/sites\/16\/2025\/09\/logo-familles_logo-Copie-80x80.jpg 80w, https:\/\/espacesud.fr\/defi\/wp-content\/uploads\/sites\/16\/2025\/09\/logo-familles_logo-Copie.jpg 500w\" sizes=\"(max-width: 300px) 100vw, 300px\" \/>\t\t\t\t\t\t\t\t\t\t\t\t\t\t\t<\/div>\n\t\t<div class=\"elementor-element elementor-element-53cef73 e-con-full e-flex e-con e-child\" data-id=\"53cef73\" data-element_type=\"container\" data-e-type=\"container\">\n\t\t\t\t<\/div>\n\t\t\t\t\t<\/div>\n\t\t\t\t<\/div>\n\t\t\t\t<\/div>\n\t\t","protected":false},"excerpt":{"rendered":"<p>Section des enfants \u270f\ufe0f Livret de coloriage et d&#8217;\u00e9criture sur les fruits et l\u00e9gumes locaux \ud83d\ude09 Bons points sur les fruits et l\u00e9gumes locaux \ud83c\udf49 Livret de recettes pour les scolaires \ud83d\udc1c Bande dessin\u00e9e Gaspipa Section des adultes \ud83d\udc75\ud83c\udffd\ud83d\udc69\ud83c\udffd\u200d\ud83e\uddb2 Livret de recettes pour les s\u00e9niors&#8230;<\/p>\n","protected":false},"author":13,"featured_media":0,"parent":0,"menu_order":0,"comment_status":"closed","ping_status":"closed","template":"","meta":{"footnotes":""},"class_list":["post-579","page","type-page","status-publish","hentry"],"yoast_head":"<!-- This site is optimized with the Yoast SEO plugin v27.3 - https:\/\/yoast.com\/product\/yoast-seo-wordpress\/ -->\n<title>Nos outils p\u00e9dagogiques - Le d\u00e9fi familles<\/title>\n<meta name=\"robots\" content=\"index, follow, max-snippet:-1, max-image-preview:large, max-video-preview:-1\" \/>\n<link rel=\"canonical\" href=\"https:\/\/espacesud.fr\/defi\/nos-outils-pedagogiques\/\" \/>\n<meta property=\"og:locale\" content=\"fr_FR\" \/>\n<meta property=\"og:type\" content=\"article\" \/>\n<meta property=\"og:title\" content=\"Nos outils p\u00e9dagogiques - Le d\u00e9fi familles\" \/>\n<meta property=\"og:description\" content=\"Section des enfants \u270f\ufe0f Livret de coloriage et d&#8217;\u00e9criture sur les fruits et l\u00e9gumes locaux \ud83d\ude09 Bons points sur les fruits et l\u00e9gumes locaux \ud83c\udf49 Livret de recettes pour les scolaires \ud83d\udc1c Bande dessin\u00e9e Gaspipa Section des adultes \ud83d\udc75\ud83c\udffd\ud83d\udc69\ud83c\udffd\u200d\ud83e\uddb2 Livret de recettes pour les s\u00e9niors...\" \/>\n<meta property=\"og:url\" content=\"https:\/\/espacesud.fr\/defi\/nos-outils-pedagogiques\/\" \/>\n<meta property=\"og:site_name\" content=\"Le d\u00e9fi familles\" \/>\n<meta property=\"article:modified_time\" content=\"2026-03-30T18:25:15+00:00\" \/>\n<meta property=\"og:image\" content=\"http:\/\/espacesud.fr\/defi\/wp-content\/uploads\/sites\/16\/2025\/09\/logo-familles_logo-Copie-300x300.jpg\" \/>\n<meta name=\"twitter:card\" content=\"summary_large_image\" \/>\n<meta name=\"twitter:label1\" content=\"Dur\u00e9e de lecture estim\u00e9e\" \/>\n\t<meta name=\"twitter:data1\" content=\"1 minute\" \/>\n<script type=\"application\/ld+json\" class=\"yoast-schema-graph\">{\"@context\":\"https:\\\/\\\/schema.org\",\"@graph\":[{\"@type\":\"WebPage\",\"@id\":\"https:\\\/\\\/espacesud.fr\\\/defi\\\/nos-outils-pedagogiques\\\/\",\"url\":\"https:\\\/\\\/espacesud.fr\\\/defi\\\/nos-outils-pedagogiques\\\/\",\"name\":\"Nos outils p\u00e9dagogiques - Le d\u00e9fi familles\",\"isPartOf\":{\"@id\":\"https:\\\/\\\/espacesud.fr\\\/defi\\\/#website\"},\"primaryImageOfPage\":{\"@id\":\"https:\\\/\\\/espacesud.fr\\\/defi\\\/nos-outils-pedagogiques\\\/#primaryimage\"},\"image\":{\"@id\":\"https:\\\/\\\/espacesud.fr\\\/defi\\\/nos-outils-pedagogiques\\\/#primaryimage\"},\"thumbnailUrl\":\"http:\\\/\\\/espacesud.fr\\\/defi\\\/wp-content\\\/uploads\\\/sites\\\/16\\\/2025\\\/09\\\/logo-familles_logo-Copie-300x300.jpg\",\"datePublished\":\"2026-03-27T18:19:19+00:00\",\"dateModified\":\"2026-03-30T18:25:15+00:00\",\"breadcrumb\":{\"@id\":\"https:\\\/\\\/espacesud.fr\\\/defi\\\/nos-outils-pedagogiques\\\/#breadcrumb\"},\"inLanguage\":\"fr-FR\",\"potentialAction\":[{\"@type\":\"ReadAction\",\"target\":[\"https:\\\/\\\/espacesud.fr\\\/defi\\\/nos-outils-pedagogiques\\\/\"]}]},{\"@type\":\"ImageObject\",\"inLanguage\":\"fr-FR\",\"@id\":\"https:\\\/\\\/espacesud.fr\\\/defi\\\/nos-outils-pedagogiques\\\/#primaryimage\",\"url\":\"https:\\\/\\\/espacesud.fr\\\/defi\\\/wp-content\\\/uploads\\\/sites\\\/16\\\/2025\\\/09\\\/logo-familles_logo-Copie.jpg\",\"contentUrl\":\"https:\\\/\\\/espacesud.fr\\\/defi\\\/wp-content\\\/uploads\\\/sites\\\/16\\\/2025\\\/09\\\/logo-familles_logo-Copie.jpg\",\"width\":500,\"height\":500},{\"@type\":\"BreadcrumbList\",\"@id\":\"https:\\\/\\\/espacesud.fr\\\/defi\\\/nos-outils-pedagogiques\\\/#breadcrumb\",\"itemListElement\":[{\"@type\":\"ListItem\",\"position\":1,\"name\":\"Accueil\",\"item\":\"https:\\\/\\\/espacesud.fr\\\/defi\\\/\"},{\"@type\":\"ListItem\",\"position\":2,\"name\":\"Nos outils p\u00e9dagogiques\"}]},{\"@type\":\"WebSite\",\"@id\":\"https:\\\/\\\/espacesud.fr\\\/defi\\\/#website\",\"url\":\"https:\\\/\\\/espacesud.fr\\\/defi\\\/\",\"name\":\"Le d\u00e9fi familles\",\"description\":\"Programme d&#039;\u00e9ducation alimentaire sur le &quot;bien et mieux manger local&quot;. Nous valorisons la production locale issue de l&#039;agriculture responsable et oeuvrons pour la lutte contre le gaspillage alimentaire.\",\"publisher\":{\"@id\":\"https:\\\/\\\/espacesud.fr\\\/defi\\\/#organization\"},\"potentialAction\":[{\"@type\":\"SearchAction\",\"target\":{\"@type\":\"EntryPoint\",\"urlTemplate\":\"https:\\\/\\\/espacesud.fr\\\/defi\\\/?s={search_term_string}\"},\"query-input\":{\"@type\":\"PropertyValueSpecification\",\"valueRequired\":true,\"valueName\":\"search_term_string\"}}],\"inLanguage\":\"fr-FR\"},{\"@type\":\"Organization\",\"@id\":\"https:\\\/\\\/espacesud.fr\\\/defi\\\/#organization\",\"name\":\"Le d\u00e9fi familles\",\"url\":\"https:\\\/\\\/espacesud.fr\\\/defi\\\/\",\"logo\":{\"@type\":\"ImageObject\",\"inLanguage\":\"fr-FR\",\"@id\":\"https:\\\/\\\/espacesud.fr\\\/defi\\\/#\\\/schema\\\/logo\\\/image\\\/\",\"url\":\"https:\\\/\\\/espacesud.fr\\\/defi\\\/wp-content\\\/uploads\\\/sites\\\/16\\\/2025\\\/09\\\/logo.jpg\",\"contentUrl\":\"https:\\\/\\\/espacesud.fr\\\/defi\\\/wp-content\\\/uploads\\\/sites\\\/16\\\/2025\\\/09\\\/logo.jpg\",\"width\":407,\"height\":250,\"caption\":\"Le d\u00e9fi familles\"},\"image\":{\"@id\":\"https:\\\/\\\/espacesud.fr\\\/defi\\\/#\\\/schema\\\/logo\\\/image\\\/\"}}]}<\/script>\n<!-- \/ Yoast SEO plugin. -->","yoast_head_json":{"title":"Nos outils p\u00e9dagogiques - Le d\u00e9fi familles","robots":{"index":"index","follow":"follow","max-snippet":"max-snippet:-1","max-image-preview":"max-image-preview:large","max-video-preview":"max-video-preview:-1"},"canonical":"https:\/\/espacesud.fr\/defi\/nos-outils-pedagogiques\/","og_locale":"fr_FR","og_type":"article","og_title":"Nos outils p\u00e9dagogiques - Le d\u00e9fi familles","og_description":"Section des enfants \u270f\ufe0f Livret de coloriage et d&#8217;\u00e9criture sur les fruits et l\u00e9gumes locaux \ud83d\ude09 Bons points sur les fruits et l\u00e9gumes locaux \ud83c\udf49 Livret de recettes pour les scolaires \ud83d\udc1c Bande dessin\u00e9e Gaspipa Section des adultes \ud83d\udc75\ud83c\udffd\ud83d\udc69\ud83c\udffd\u200d\ud83e\uddb2 Livret de recettes pour les s\u00e9niors...","og_url":"https:\/\/espacesud.fr\/defi\/nos-outils-pedagogiques\/","og_site_name":"Le d\u00e9fi familles","article_modified_time":"2026-03-30T18:25:15+00:00","og_image":[{"url":"http:\/\/espacesud.fr\/defi\/wp-content\/uploads\/sites\/16\/2025\/09\/logo-familles_logo-Copie-300x300.jpg","type":"","width":"","height":""}],"twitter_card":"summary_large_image","twitter_misc":{"Dur\u00e9e de lecture estim\u00e9e":"1 minute"},"schema":{"@context":"https:\/\/schema.org","@graph":[{"@type":"WebPage","@id":"https:\/\/espacesud.fr\/defi\/nos-outils-pedagogiques\/","url":"https:\/\/espacesud.fr\/defi\/nos-outils-pedagogiques\/","name":"Nos outils p\u00e9dagogiques - Le d\u00e9fi familles","isPartOf":{"@id":"https:\/\/espacesud.fr\/defi\/#website"},"primaryImageOfPage":{"@id":"https:\/\/espacesud.fr\/defi\/nos-outils-pedagogiques\/#primaryimage"},"image":{"@id":"https:\/\/espacesud.fr\/defi\/nos-outils-pedagogiques\/#primaryimage"},"thumbnailUrl":"http:\/\/espacesud.fr\/defi\/wp-content\/uploads\/sites\/16\/2025\/09\/logo-familles_logo-Copie-300x300.jpg","datePublished":"2026-03-27T18:19:19+00:00","dateModified":"2026-03-30T18:25:15+00:00","breadcrumb":{"@id":"https:\/\/espacesud.fr\/defi\/nos-outils-pedagogiques\/#breadcrumb"},"inLanguage":"fr-FR","potentialAction":[{"@type":"ReadAction","target":["https:\/\/espacesud.fr\/defi\/nos-outils-pedagogiques\/"]}]},{"@type":"ImageObject","inLanguage":"fr-FR","@id":"https:\/\/espacesud.fr\/defi\/nos-outils-pedagogiques\/#primaryimage","url":"https:\/\/espacesud.fr\/defi\/wp-content\/uploads\/sites\/16\/2025\/09\/logo-familles_logo-Copie.jpg","contentUrl":"https:\/\/espacesud.fr\/defi\/wp-content\/uploads\/sites\/16\/2025\/09\/logo-familles_logo-Copie.jpg","width":500,"height":500},{"@type":"BreadcrumbList","@id":"https:\/\/espacesud.fr\/defi\/nos-outils-pedagogiques\/#breadcrumb","itemListElement":[{"@type":"ListItem","position":1,"name":"Accueil","item":"https:\/\/espacesud.fr\/defi\/"},{"@type":"ListItem","position":2,"name":"Nos outils p\u00e9dagogiques"}]},{"@type":"WebSite","@id":"https:\/\/espacesud.fr\/defi\/#website","url":"https:\/\/espacesud.fr\/defi\/","name":"Le d\u00e9fi familles","description":"Programme d&#039;\u00e9ducation alimentaire sur le &quot;bien et mieux manger local&quot;. Nous valorisons la production locale issue de l&#039;agriculture responsable et oeuvrons pour la lutte contre le gaspillage alimentaire.","publisher":{"@id":"https:\/\/espacesud.fr\/defi\/#organization"},"potentialAction":[{"@type":"SearchAction","target":{"@type":"EntryPoint","urlTemplate":"https:\/\/espacesud.fr\/defi\/?s={search_term_string}"},"query-input":{"@type":"PropertyValueSpecification","valueRequired":true,"valueName":"search_term_string"}}],"inLanguage":"fr-FR"},{"@type":"Organization","@id":"https:\/\/espacesud.fr\/defi\/#organization","name":"Le d\u00e9fi familles","url":"https:\/\/espacesud.fr\/defi\/","logo":{"@type":"ImageObject","inLanguage":"fr-FR","@id":"https:\/\/espacesud.fr\/defi\/#\/schema\/logo\/image\/","url":"https:\/\/espacesud.fr\/defi\/wp-content\/uploads\/sites\/16\/2025\/09\/logo.jpg","contentUrl":"https:\/\/espacesud.fr\/defi\/wp-content\/uploads\/sites\/16\/2025\/09\/logo.jpg","width":407,"height":250,"caption":"Le d\u00e9fi familles"},"image":{"@id":"https:\/\/espacesud.fr\/defi\/#\/schema\/logo\/image\/"}}]}},"_links":{"self":[{"href":"https:\/\/espacesud.fr\/defi\/wp-json\/wp\/v2\/pages\/579","targetHints":{"allow":["GET"]}}],"collection":[{"href":"https:\/\/espacesud.fr\/defi\/wp-json\/wp\/v2\/pages"}],"about":[{"href":"https:\/\/espacesud.fr\/defi\/wp-json\/wp\/v2\/types\/page"}],"author":[{"embeddable":true,"href":"https:\/\/espacesud.fr\/defi\/wp-json\/wp\/v2\/users\/13"}],"replies":[{"embeddable":true,"href":"https:\/\/espacesud.fr\/defi\/wp-json\/wp\/v2\/comments?post=579"}],"version-history":[{"count":0,"href":"https:\/\/espacesud.fr\/defi\/wp-json\/wp\/v2\/pages\/579\/revisions"}],"wp:attachment":[{"href":"https:\/\/espacesud.fr\/defi\/wp-json\/wp\/v2\/media?parent=579"}],"curies":[{"name":"wp","href":"https:\/\/api.w.org\/{rel}","templated":true}]}}